{"id":8,"date":"2019-10-29T10:20:21","date_gmt":"2019-10-29T09:20:21","guid":{"rendered":"http:\/\/www.yrseh-consulting.com\/?page_id=8"},"modified":"2019-10-29T10:30:03","modified_gmt":"2019-10-29T09:30:03","slug":"accueil","status":"publish","type":"page","link":"https:\/\/www.yrseh-consulting.com\/","title":{"rendered":"Accueil"},"content":{"rendered":"\n<div class=\"wp-block-image\"><figure class=\"alignright is-resized\"><img loading=\"lazy\" decoding=\"async\" src=\"https:\/\/www.yrseh-consulting.com\/wp-content\/uploads\/2019\/10\/Jean-francois-Hesry.jpeg\" alt=\"\" class=\"wp-image-31\" width=\"221\" height=\"221\" srcset=\"https:\/\/www.yrseh-consulting.com\/wp-content\/uploads\/2019\/10\/Jean-francois-Hesry.jpeg 299w, https:\/\/www.yrseh-consulting.com\/wp-content\/uploads\/2019\/10\/Jean-francois-Hesry-150x150.jpeg 150w, https:\/\/www.yrseh-consulting.com\/wp-content\/uploads\/2019\/10\/Jean-francois-Hesry-100x100.jpeg 100w\" sizes=\"auto, (max-width: 221px) 100vw, 221px\" \/><\/figure><\/div>\n\n\n<p><em>\u00ab\u00a0La p\u00e9rennit\u00e9 de votre entreprise passe n\u00e9cessairement par son d\u00e9veloppement au quotidien. Pour assurer celui-ci, il est souvent n\u00e9cessaire de s&rsquo;appuyer sur un soutien exterieur. Malheureusement, il n&rsquo;est pas toujours facile de trouver l&rsquo;interlocuteur ad\u00e9quat.<\/em><br \/><em><br \/>Fort de ce constat, j&rsquo;ai cr\u00e9\u00e9 YRSEH Consulting, acc\u00e9l\u00e9rateur de business afin de proposer aux investisseurs un accompagnement personnalis\u00e9 leur permettant une mise en oeuvre efficace de leur projet tout en continuant \u00e0 se consacrer \u00e0 leur coeur de m\u00e9tier\u00a0\u00bb<\/em><br \/><strong><br \/>Jean-Fran\u00e7ois HESRY\u00a0<\/strong><br \/>Fondateur<\/p>","protected":false},"excerpt":{"rendered":"<p>\u00ab\u00a0La p\u00e9rennit\u00e9 de votre entreprise passe n\u00e9cessairement par son d\u00e9veloppement au quotidien. Pour assurer celui-ci, il est souvent n\u00e9cessaire de s&rsquo;appuyer sur un soutien exterieur. Malheureusement, il n&rsquo;est pas toujours facile de trouver l&rsquo;interlocuteur ad\u00e9quat.Fort de ce constat, j&rsquo;ai cr\u00e9\u00e9 YRSEH Consulting, acc\u00e9l\u00e9rateur de business afin de proposer aux investisseurs un accompagnement personnalis\u00e9 leur permettant &hellip; <\/p>\n<p class=\"link-more\"><a href=\"https:\/\/www.yrseh-consulting.com\/\" class=\"more-link\">Continuer la lecture<span class=\"screen-reader-text\"> de &laquo;&nbsp;Accueil&nbsp;&raquo;<\/span><\/a><\/p>\n","protected":false},"author":1,"featured_media":0,"parent":0,"menu_order":0,"comment_status":"closed","ping_status":"closed","template":"","meta":{"footnotes":""},"class_list":["post-8","page","type-page","status-publish","hentry"],"_links":{"self":[{"href":"https:\/\/www.yrseh-consulting.com\/index.php\/wp-json\/wp\/v2\/pages\/8","targetHints":{"allow":["GET"]}}],"collection":[{"href":"https:\/\/www.yrseh-consulting.com\/index.php\/wp-json\/wp\/v2\/pages"}],"about":[{"href":"https:\/\/www.yrseh-consulting.com\/index.php\/wp-json\/wp\/v2\/types\/page"}],"author":[{"embeddable":true,"href":"https:\/\/www.yrseh-consulting.com\/index.php\/wp-json\/wp\/v2\/users\/1"}],"replies":[{"embeddable":true,"href":"https:\/\/www.yrseh-consulting.com\/index.php\/wp-json\/wp\/v2\/comments?post=8"}],"version-history":[{"count":5,"href":"https:\/\/www.yrseh-consulting.com\/index.php\/wp-json\/wp\/v2\/pages\/8\/revisions"}],"predecessor-version":[{"id":34,"href":"https:\/\/www.yrseh-consulting.com\/index.php\/wp-json\/wp\/v2\/pages\/8\/revisions\/34"}],"wp:attachment":[{"href":"https:\/\/www.yrseh-consulting.com\/index.php\/wp-json\/wp\/v2\/media?parent=8"}],"curies":[{"name":"wp","href":"https:\/\/api.w.org\/{rel}","templated":true}]}}