{"id":9,"date":"2019-10-29T10:20:21","date_gmt":"2019-10-29T09:20:21","guid":{"rendered":"http:\/\/www.yrseh-consulting.com\/?page_id=9"},"modified":"2019-10-30T12:27:34","modified_gmt":"2019-10-30T11:27:34","slug":"a-propos-de","status":"publish","type":"page","link":"https:\/\/www.yrseh-consulting.com\/index.php\/a-propos-de\/","title":{"rendered":"\u00c0 propos de"},"content":{"rendered":"<p><strong>YRSEH CONSULTING, Acc\u00e9l\u00e9rateur de Business<\/strong><br \/>Notre mission\u00a0 :\u00a0 votre performance !<br \/><br \/>Nos interventions sont principalement en France et pays Frontaliers (Belgique, Luxembourg) ainsi que l&rsquo;Afrique subsaharienne.<\/p>\n\n\n<p><\/p>\n","protected":false},"excerpt":{"rendered":"<p>YRSEH CONSULTING, Acc\u00e9l\u00e9rateur de BusinessNotre mission\u00a0 :\u00a0 votre performance ! Nos interventions sont principalement en France et pays Frontaliers (Belgique, Luxembourg) ainsi que l&rsquo;Afrique subsaharienne.<\/p>\n","protected":false},"author":1,"featured_media":48,"parent":0,"menu_order":0,"comment_status":"closed","ping_status":"closed","template":"","meta":{"footnotes":""},"class_list":["post-9","page","type-page","status-publish","has-post-thumbnail","hentry"],"_links":{"self":[{"href":"https:\/\/www.yrseh-consulting.com\/index.php\/wp-json\/wp\/v2\/pages\/9","targetHints":{"allow":["GET"]}}],"collection":[{"href":"https:\/\/www.yrseh-consulting.com\/index.php\/wp-json\/wp\/v2\/pages"}],"about":[{"href":"https:\/\/www.yrseh-consulting.com\/index.php\/wp-json\/wp\/v2\/types\/page"}],"author":[{"embeddable":true,"href":"https:\/\/www.yrseh-consulting.com\/index.php\/wp-json\/wp\/v2\/users\/1"}],"replies":[{"embeddable":true,"href":"https:\/\/www.yrseh-consulting.com\/index.php\/wp-json\/wp\/v2\/comments?post=9"}],"version-history":[{"count":5,"href":"https:\/\/www.yrseh-consulting.com\/index.php\/wp-json\/wp\/v2\/pages\/9\/revisions"}],"predecessor-version":[{"id":67,"href":"https:\/\/www.yrseh-consulting.com\/index.php\/wp-json\/wp\/v2\/pages\/9\/revisions\/67"}],"wp:featuredmedia":[{"embeddable":true,"href":"https:\/\/www.yrseh-consulting.com\/index.php\/wp-json\/wp\/v2\/media\/48"}],"wp:attachment":[{"href":"https:\/\/www.yrseh-consulting.com\/index.php\/wp-json\/wp\/v2\/media?parent=9"}],"curies":[{"name":"wp","href":"https:\/\/api.w.org\/{rel}","templated":true}]}}